{"id":10450,"date":"2024-10-08T23:40:59","date_gmt":"2024-10-08T20:40:59","guid":{"rendered":"https:\/\/ued.org.tr\/?page_id=10450"},"modified":"2024-10-08T23:40:59","modified_gmt":"2024-10-08T20:40:59","slug":"cozum-ortaklarimiz","status":"publish","type":"page","link":"https:\/\/arisdot.biz\/ued\/cozum-ortaklarimiz\/","title":{"rendered":"\u00c7\u00f6z\u00fcm Ortaklar\u0131m\u0131z"},"content":{"rendered":"\t\t<div data-elementor-type=\"wp-page\" data-elementor-id=\"10450\" class=\"elementor elementor-10450\">\n\t\t\t\t<div class=\"elementor-element elementor-element-44b86885 e-flex e-con-boxed e-con e-parent\" data-id=\"44b86885\" data-element_type=\"container\" data-e-type=\"container\">\n\t\t\t\t\t<div class=\"e-con-inner\">\n\t\t\t\t<div class=\"elementor-element elementor-element-6f500172 elementor-widget elementor-widget-text-editor\" data-id=\"6f500172\" data-element_type=\"widget\" data-e-type=\"widget\" data-widget_type=\"text-editor.default\">\n\t\t\t\t\t\t\t\t\t\n<p>UED \u00fcyesi okullar\u0131m\u0131za gitmeden \u00f6nce, her bir okul hakk\u0131nda temel bilgileri edinerek, e\u011fitim olanaklar\u0131 ve sunduklar\u0131 deneyimler hakk\u0131nda fikir sahibi olabilirsiniz. Size en uygun olan\u0131 se\u00e7mek i\u00e7in okullar\u0131m\u0131z\u0131 yak\u0131ndan tan\u0131y\u0131n!<\/p>\n\t\t\t\t\t\t\t\t<\/div>\n\t\t\t\t\t<\/div>\n\t\t\t\t<\/div>\n\t\t<div class=\"elementor-element elementor-element-a179b9e e-flex e-con-boxed e-con e-parent\" data-id=\"a179b9e\" data-element_type=\"container\" data-e-type=\"container\">\n\t\t\t\t\t<div class=\"e-con-inner\">\n\t\t\t\t<div class=\"elementor-element elementor-element-1dd26f6 elementor-widget elementor-widget-text-editor\" data-id=\"1dd26f6\" data-element_type=\"widget\" data-e-type=\"widget\" data-widget_type=\"text-editor.default\">\n\t\t\t\t\t\t\t\t\t<p>Lorem ipsum dolor sit amet, consectetur adipiscing elit. Ut elit tellus, luctus nec ullamcorper mattis, pulvinar dapibus leo.<\/p>\t\t\t\t\t\t\t\t<\/div>\n\t\t\t\t\t<\/div>\n\t\t\t\t<\/div>\n\t\t\t\t<\/div>\n\t\t","protected":false},"excerpt":{"rendered":"<p>UED \u00fcyesi okullar\u0131m\u0131za gitmeden \u00f6nce, her bir okul hakk\u0131nda temel bilgileri edinerek, e\u011fitim olanaklar\u0131 ve sunduklar\u0131 deneyimler hakk\u0131nda fikir sahibi olabilirsiniz. Size en uygun olan\u0131 se\u00e7mek i\u00e7in okullar\u0131m\u0131z\u0131 yak\u0131ndan tan\u0131y\u0131n! Lorem ipsum dolor sit amet, consectetur adipiscing elit. Ut elit tellus, luctus nec ullamcorper mattis, pulvinar dapibus leo.<\/p>\n","protected":false},"author":2,"featured_media":0,"parent":0,"menu_order":0,"comment_status":"closed","ping_status":"closed","template":"page-schools.php","meta":{"footnotes":""},"class_list":["post-10450","page","type-page","status-publish","hentry"],"_links":{"self":[{"href":"https:\/\/arisdot.biz\/ued\/wp-json\/wp\/v2\/pages\/10450","targetHints":{"allow":["GET"]}}],"collection":[{"href":"https:\/\/arisdot.biz\/ued\/wp-json\/wp\/v2\/pages"}],"about":[{"href":"https:\/\/arisdot.biz\/ued\/wp-json\/wp\/v2\/types\/page"}],"author":[{"embeddable":true,"href":"https:\/\/arisdot.biz\/ued\/wp-json\/wp\/v2\/users\/2"}],"replies":[{"embeddable":true,"href":"https:\/\/arisdot.biz\/ued\/wp-json\/wp\/v2\/comments?post=10450"}],"version-history":[{"count":0,"href":"https:\/\/arisdot.biz\/ued\/wp-json\/wp\/v2\/pages\/10450\/revisions"}],"wp:attachment":[{"href":"https:\/\/arisdot.biz\/ued\/wp-json\/wp\/v2\/media?parent=10450"}],"curies":[{"name":"wp","href":"https:\/\/api.w.org\/{rel}","templated":true}]}}