{"id":9474,"date":"2024-04-01T17:41:43","date_gmt":"2024-04-01T14:41:43","guid":{"rendered":"http:\/\/ued.org.tr\/?page_id=9474"},"modified":"2024-04-01T17:41:43","modified_gmt":"2024-04-01T14:41:43","slug":"iletisim","status":"publish","type":"page","link":"https:\/\/arisdot.biz\/ued\/iletisim\/","title":{"rendered":"\u0130leti\u015fim"},"content":{"rendered":"\t\t<div data-elementor-type=\"wp-page\" data-elementor-id=\"9474\" class=\"elementor elementor-9474\">\n\t\t\t\t\t\t<section class=\"elementor-section elementor-top-section elementor-element elementor-element-10ff29f elementor-section-full_width elementor-section-height-default elementor-section-height-default\" data-id=\"10ff29f\" data-element_type=\"section\" data-e-type=\"section\">\n\t\t\t\t\t\t<div class=\"elementor-container elementor-column-gap-default\">\n\t\t\t\t\t<div class=\"elementor-column elementor-col-100 elementor-top-column elementor-element elementor-element-63ae5ad bg-dark3-mode-wrap sm-margin no-padding-tablet\" data-id=\"63ae5ad\" data-element_type=\"column\" data-e-type=\"column\" data-settings=\"{&quot;background_background&quot;:&quot;classic&quot;}\">\n\t\t\t<div class=\"elementor-widget-wrap elementor-element-populated\">\n\t\t\t\t\t\t<div class=\"elementor-element elementor-element-ee03c73 elementor-widget elementor-widget-spacer\" data-id=\"ee03c73\" data-element_type=\"widget\" data-e-type=\"widget\" data-widget_type=\"spacer.default\">\n\t\t\t\t\t\t\t<div class=\"elementor-spacer\">\n\t\t\t<div class=\"elementor-spacer-inner\"><\/div>\n\t\t<\/div>\n\t\t\t\t\t\t<\/div>\n\t\t\t\t<section class=\"elementor-section elementor-inner-section elementor-element elementor-element-1f7f652 elementor-section-boxed elementor-section-height-default elementor-section-height-default\" data-id=\"1f7f652\" data-element_type=\"section\" data-e-type=\"section\">\n\t\t\t\t\t\t<div class=\"elementor-container elementor-column-gap-default\">\n\t\t\t\t\t<div class=\"elementor-column elementor-col-50 elementor-inner-column elementor-element elementor-element-e27fec2\" data-id=\"e27fec2\" data-element_type=\"column\" data-e-type=\"column\">\n\t\t\t<div class=\"elementor-widget-wrap elementor-element-populated\">\n\t\t\t\t\t\t<section class=\"elementor-section elementor-inner-section elementor-element elementor-element-dcbcac4 elementor-section-boxed elementor-section-height-default elementor-section-height-default\" data-id=\"dcbcac4\" data-element_type=\"section\" data-e-type=\"section\">\n\t\t\t\t\t\t<div class=\"elementor-container elementor-column-gap-default\">\n\t\t\t\t\t<div class=\"elementor-column elementor-col-100 elementor-inner-column elementor-element elementor-element-a0836b3\" data-id=\"a0836b3\" data-element_type=\"column\" data-e-type=\"column\">\n\t\t\t<div class=\"elementor-widget-wrap elementor-element-populated\">\n\t\t\t\t\t\t<div class=\"elementor-element elementor-element-be12e91 elementor-widget elementor-widget-mo-heading-fancy\" data-id=\"be12e91\" data-element_type=\"widget\" data-e-type=\"widget\" data-widget_type=\"mo-heading-fancy.default\">\n\t\t\t\t<div class=\"elementor-widget-container\">\n\t\t\t\t\t<div class=\"mo-element-mo-heading-fancy mo-element\"><div id=\"mo-heading-fancy-69e060f8a682c\" class=\"mo-heading-fancy\">\r\n      <h3 class=\"mo-element elementor-heading-title mo-highlight-style3\"  > UED d\u00fcnyan\u0131n her noktas\u0131nda <mark class=\"mo-highlight\"><span class=\"mo-highlight-txt\"><svg class=\"mo-highlight-style3\" viewBox=\"0 0 491 26\" fill=\"none\" xmlns=\"http:\/\/www.w3.org\/2000\/svg\"><path class=\"line1\" fill-rule=\"evenodd\" clip-rule=\"evenodd\" d=\"M208.549 3.29849C185.59 4.08616 162.901 5.05468 140.776 6.11351C109.455 7.61138 78.1462 9.16091 47.0261 11.6143C37.2302 12.3891 27.2823 12.8797 17.5476 13.8482C11.4368 14.4551 3.334 15.3201 2.27061 15.5009C1.71441 15.6042 1.47176 15.7593 1.39336 15.8109C0.842061 16.1725 0.942652 16.521 1.25383 16.7921C1.37879 16.9084 1.69478 17.1925 2.57195 17.2313C61.2348 19.8784 121.221 14.7133 179.955 14.171C281.81 13.2413 386.752 16.9343 487.799 24.9918C488.681 25.0564 489.539 24.7334 489.661 24.2557C489.808 23.7908 489.171 23.3389 488.289 23.2743C387.071 15.2039 281.957 11.498 179.906 12.4406C125.168 12.9442 69.3499 17.4766 14.5363 15.9271C15.7957 15.798 17.0307 15.6688 18.1578 15.5526C27.8533 14.5841 37.7594 14.1064 47.5162 13.3316C78.5701 10.8782 109.815 9.32872 141.095 7.84376C179.906 5.98434 220.408 4.38316 261.228 3.63423C275.831 3.75044 290.386 3.86671 304.94 4.00875C336.425 4.31865 368.057 5.22254 399.469 6.43633C408.927 6.8108 418.385 7.19814 427.842 7.53387C430.979 7.65009 439.064 7.98576 440.191 7.95993C441.588 7.93411 441.857 7.31436 441.882 7.21106C441.955 6.97863 441.906 6.65579 441.22 6.38463C441.147 6.34589 440.706 6.21668 439.726 6.13921C382.611 1.56813 321.626 0.806405 261.277 1.90398C197.621 1.42621 133.719 1.21951 70.2247 1C69.3157 1 68.5733 1.38744 68.5659 1.8652C68.561 2.34297 69.2935 2.73042 70.2026 2.74333C116.178 2.89828 162.387 3.05315 208.549 3.29849Z\" fill=\"none\" stroke=\"none\"><\/path><\/svg>yan\u0131n\u0131zda!<\/span><\/mark>\n <\/h3><\/div><\/div>\t\t\t\t<\/div>\n\t\t\t\t<\/div>\n\t\t\t\t<div class=\"elementor-element elementor-element-aa5bcb0 elementor-widget elementor-widget-text-editor\" data-id=\"aa5bcb0\" data-element_type=\"widget\" data-e-type=\"widget\" data-widget_type=\"text-editor.default\">\n\t\t\t\t\t\t\t\t\t<p>Bize a\u015fa\u011f\u0131daki ileti\u015fim kanallar\u0131ndan ula\u015fabilir veya ileti\u015fim formumuzu kullanabilirsiniz.<\/p>\t\t\t\t\t\t\t\t<\/div>\n\t\t\t\t<div class=\"elementor-element elementor-element-6014b8e elementor-widget elementor-widget-spacer\" data-id=\"6014b8e\" data-element_type=\"widget\" data-e-type=\"widget\" data-widget_type=\"spacer.default\">\n\t\t\t\t\t\t\t<div class=\"elementor-spacer\">\n\t\t\t<div class=\"elementor-spacer-inner\"><\/div>\n\t\t<\/div>\n\t\t\t\t\t\t<\/div>\n\t\t\t\t<div class=\"elementor-element elementor-element-bf63c3a elementor-widget elementor-widget-mo-icon-box\" data-id=\"bf63c3a\" data-element_type=\"widget\" data-e-type=\"widget\" data-widget_type=\"mo-icon-box.default\">\n\t\t\t\t<div class=\"elementor-widget-container\">\n\t\t\t\t\t<div class=\"mo-element-mo-icon-box mo-element\"><div class=\"service iconbox icon-box-style1\">\r\n   <div class=\"content-inner\">\r\n      <div class=\"icon-wrap\"><svg aria-hidden=\"true\" class=\"icon e-font-icon-svg e-far-map\" viewBox=\"0 0 576 512\" xmlns=\"http:\/\/www.w3.org\/2000\/svg\"><path d=\"M560.02 32c-1.96 0-3.98.37-5.96 1.16L384.01 96H384L212 35.28A64.252 64.252 0 0 0 191.76 32c-6.69 0-13.37 1.05-19.81 3.14L20.12 87.95A32.006 32.006 0 0 0 0 117.66v346.32C0 473.17 7.53 480 15.99 480c1.96 0 3.97-.37 5.96-1.16L192 416l172 60.71a63.98 63.98 0 0 0 40.05.15l151.83-52.81A31.996 31.996 0 0 0 576 394.34V48.02c0-9.19-7.53-16.02-15.98-16.02zM224 90.42l128 45.19v285.97l-128-45.19V90.42zM48 418.05V129.07l128-44.53v286.2l-.64.23L48 418.05zm480-35.13l-128 44.53V141.26l.64-.24L528 93.95v288.97z\"><\/path><\/svg><\/div>\r\n      <div class=\"title-wrap\">\r\n         <h6  class=\"title\" data-title=\"Adres\"><span>Adres<\/span><\/h6>\t\r\n          <div class=\"content\">Haydar Y\u00fcceba\u015f Sk. No:1 K:2 Ofis: 9-10 Kad\u0131k\u00f6y - \u0130stanbul<\/div>               <\/div>\r\n   <\/div>   \r\n<\/div><\/div>\t\t\t\t<\/div>\n\t\t\t\t<\/div>\n\t\t\t\t<div class=\"elementor-element elementor-element-c33ea72 elementor-widget elementor-widget-spacer\" data-id=\"c33ea72\" data-element_type=\"widget\" data-e-type=\"widget\" data-widget_type=\"spacer.default\">\n\t\t\t\t\t\t\t<div class=\"elementor-spacer\">\n\t\t\t<div class=\"elementor-spacer-inner\"><\/div>\n\t\t<\/div>\n\t\t\t\t\t\t<\/div>\n\t\t\t\t\t<\/div>\n\t\t<\/div>\n\t\t\t\t\t<\/div>\n\t\t<\/section>\n\t\t\t\t<section class=\"elementor-section elementor-inner-section elementor-element elementor-element-d3e83a3 elementor-section-boxed elementor-section-height-default elementor-section-height-default\" data-id=\"d3e83a3\" data-element_type=\"section\" data-e-type=\"section\">\n\t\t\t\t\t\t<div class=\"elementor-container elementor-column-gap-default\">\n\t\t\t\t\t<div class=\"elementor-column elementor-col-50 elementor-inner-column elementor-element elementor-element-bf07241\" data-id=\"bf07241\" data-element_type=\"column\" data-e-type=\"column\">\n\t\t\t<div class=\"elementor-widget-wrap elementor-element-populated\">\n\t\t\t\t\t\t<div class=\"elementor-element elementor-element-eda6a3d elementor-widget elementor-widget-mo-icon-box\" data-id=\"eda6a3d\" data-element_type=\"widget\" data-e-type=\"widget\" data-widget_type=\"mo-icon-box.default\">\n\t\t\t\t<div class=\"elementor-widget-container\">\n\t\t\t\t\t<div class=\"mo-element-mo-icon-box mo-element\"><div class=\"service iconbox icon-box-style1\">\r\n   <div class=\"content-inner\">\r\n      <div class=\"icon-wrap\"><svg aria-hidden=\"true\" class=\"icon e-font-icon-svg e-fas-phone-alt\" viewBox=\"0 0 512 512\" xmlns=\"http:\/\/www.w3.org\/2000\/svg\"><path d=\"M497.39 361.8l-112-48a24 24 0 0 0-28 6.9l-49.6 60.6A370.66 370.66 0 0 1 130.6 204.11l60.6-49.6a23.94 23.94 0 0 0 6.9-28l-48-112A24.16 24.16 0 0 0 122.6.61l-104 24A24 24 0 0 0 0 48c0 256.5 207.9 464 464 464a24 24 0 0 0 23.4-18.6l24-104a24.29 24.29 0 0 0-14.01-27.6z\"><\/path><\/svg><\/div>\r\n      <div class=\"title-wrap\">\r\n         <h6  class=\"title\" data-title=\"Telefon\"><span>Telefon<\/span><\/h6>\t\r\n          <div class=\"content\">+90 (216) 550 05 57<\/div>               <\/div>\r\n   <\/div>   \r\n<\/div><\/div>\t\t\t\t<\/div>\n\t\t\t\t<\/div>\n\t\t\t\t\t<\/div>\n\t\t<\/div>\n\t\t\t\t<div class=\"elementor-column elementor-col-50 elementor-inner-column elementor-element elementor-element-8143bba\" data-id=\"8143bba\" data-element_type=\"column\" data-e-type=\"column\">\n\t\t\t<div class=\"elementor-widget-wrap elementor-element-populated\">\n\t\t\t\t\t\t<div class=\"elementor-element elementor-element-752e243 elementor-widget elementor-widget-mo-icon-box\" data-id=\"752e243\" data-element_type=\"widget\" data-e-type=\"widget\" data-widget_type=\"mo-icon-box.default\">\n\t\t\t\t<div class=\"elementor-widget-container\">\n\t\t\t\t\t<div class=\"mo-element-mo-icon-box mo-element\"><div class=\"service iconbox icon-box-style1\">\r\n   <div class=\"content-inner\">\r\n      <div class=\"icon-wrap\"><svg aria-hidden=\"true\" class=\"icon e-font-icon-svg e-far-paper-plane\" viewBox=\"0 0 512 512\" xmlns=\"http:\/\/www.w3.org\/2000\/svg\"><path d=\"M440 6.5L24 246.4c-34.4 19.9-31.1 70.8 5.7 85.9L144 379.6V464c0 46.4 59.2 65.5 86.6 28.6l43.8-59.1 111.9 46.2c5.9 2.4 12.1 3.6 18.3 3.6 8.2 0 16.3-2.1 23.6-6.2 12.8-7.2 21.6-20 23.9-34.5l59.4-387.2c6.1-40.1-36.9-68.8-71.5-48.9zM192 464v-64.6l36.6 15.1L192 464zm212.6-28.7l-153.8-63.5L391 169.5c10.7-15.5-9.5-33.5-23.7-21.2L155.8 332.6 48 288 464 48l-59.4 387.3z\"><\/path><\/svg><\/div>\r\n      <div class=\"title-wrap\">\r\n         <h6  class=\"title\" data-title=\"Email\"><span>Email<\/span><\/h6>\t\r\n          <div class=\"content\">info@ued.org.tr<\/div>               <\/div>\r\n   <\/div>   \r\n<\/div><\/div>\t\t\t\t<\/div>\n\t\t\t\t<\/div>\n\t\t\t\t\t<\/div>\n\t\t<\/div>\n\t\t\t\t\t<\/div>\n\t\t<\/section>\n\t\t\t\t\t<\/div>\n\t\t<\/div>\n\t\t\t\t<div class=\"elementor-column elementor-col-50 elementor-inner-column elementor-element elementor-element-e46af2a\" data-id=\"e46af2a\" data-element_type=\"column\" data-e-type=\"column\" data-settings=\"{&quot;background_background&quot;:&quot;classic&quot;}\">\n\t\t\t<div class=\"elementor-widget-wrap elementor-element-populated\">\n\t\t\t\t\t\t<div class=\"elementor-element elementor-element-55a47ae elementor-widget elementor-widget-spacer\" data-id=\"55a47ae\" data-element_type=\"widget\" data-e-type=\"widget\" data-widget_type=\"spacer.default\">\n\t\t\t\t\t\t\t<div class=\"elementor-spacer\">\n\t\t\t<div class=\"elementor-spacer-inner\"><\/div>\n\t\t<\/div>\n\t\t\t\t\t\t<\/div>\n\t\t\t\t<div class=\"elementor-element elementor-element-1a2c255 elementor-widget elementor-widget-mo-heading-fancy mo-el-has-inner-anim\" data-id=\"1a2c255\" data-element_type=\"widget\" data-e-type=\"widget\" data-settings=\"{&quot;enable_split&quot;:&quot;true&quot;,&quot;split_type&quot;:&quot;lines&quot;}\" data-widget_type=\"mo-heading-fancy.default\">\n\t\t\t\t<div class=\"elementor-widget-container\">\n\t\t\t\t\t<div class=\"mo-element-mo-heading-fancy mo-element\"><div id=\"mo-heading-fancy-69e060f8a9c2a\" class=\"mo-heading-fancy\">\r\n      <h3 class=\"mo-element elementor-heading-title mo-highlight-classic mo-split-lines\"  data-ca-options='{\"triggerHandler\":\"inview\",\"animationTarget\":\".split-inner\",\"duration\":\"1200\",\"startDelay\":\"35\",\"delay\":\"120\",\"easing\":\"easeInQuad\",\"direction\":\"forward\",\"initValues\":{\"translateY\":16,\"opacity\":0},\"animations\":{\"translateY\":0,\"opacity\":1}}' data-split-text=\"true\" data-custom-animations=\"true\" data-fittext=\"true\" data-text-rotator=\"true\"> \u0130leti\u015fim ve Bilgi \u0130stek Formu <\/h3><\/div><\/div>\t\t\t\t<\/div>\n\t\t\t\t<\/div>\n\t\t\t\t<div class=\"elementor-element elementor-element-1cc4f8a elementor-widget elementor-widget-text-editor\" data-id=\"1cc4f8a\" data-element_type=\"widget\" data-e-type=\"widget\" data-widget_type=\"text-editor.default\">\n\t\t\t\t\t\t\t\t\t\n<div class=\"wpcf7 no-js\" id=\"wpcf7-f105-o1\" lang=\"en-US\" dir=\"ltr\" data-wpcf7-id=\"105\">\n<div class=\"screen-reader-response\"><p role=\"status\" aria-live=\"polite\" aria-atomic=\"true\"><\/p> <ul><\/ul><\/div>\n<form action=\"\/ued\/wp-json\/wp\/v2\/pages\/9474#wpcf7-f105-o1\" method=\"post\" class=\"wpcf7-form init\" aria-label=\"Contact form\" novalidate=\"novalidate\" data-status=\"init\">\n<fieldset class=\"hidden-fields-container\"><input type=\"hidden\" name=\"_wpcf7\" value=\"105\" \/><input type=\"hidden\" name=\"_wpcf7_version\" value=\"6.1.5\" \/><input type=\"hidden\" name=\"_wpcf7_locale\" value=\"en_US\" \/><input type=\"hidden\" name=\"_wpcf7_unit_tag\" value=\"wpcf7-f105-o1\" \/><input type=\"hidden\" name=\"_wpcf7_container_post\" value=\"0\" \/><input type=\"hidden\" name=\"_wpcf7_posted_data_hash\" value=\"\" \/>\n<\/fieldset>\n<div class=\"row\">\n\t<div class=\"col-sm-6 input\">\n\t\t<p><span class=\"wpcf7-form-control-wrap\" data-name=\"your-name\"><input size=\"40\" maxlength=\"400\" class=\"wpcf7-form-control wpcf7-text wpcf7-validates-as-required input_field\" aria-required=\"true\" aria-invalid=\"false\" placeholder=\"Ad Soyad\" value=\"\" type=\"text\" name=\"your-name\" \/><\/span>\n\t\t<\/p>\n\t<\/div>\n\t<div class=\"col-sm-6 input\">\n\t\t<p><span class=\"wpcf7-form-control-wrap\" data-name=\"your-email\"><input size=\"40\" maxlength=\"400\" class=\"wpcf7-form-control wpcf7-email wpcf7-validates-as-required wpcf7-text wpcf7-validates-as-email input_field\" aria-required=\"true\" aria-invalid=\"false\" placeholder=\"E-mail\" value=\"\" type=\"email\" name=\"your-email\" \/><\/span>\n\t\t<\/p>\n\t<\/div>\n<\/div>\n<div class=\"row\">\n\t<div class=\"col-sm-12 input\">\n\t\t<p><span class=\"wpcf7-form-control-wrap\" data-name=\"your-message\"><textarea cols=\"40\" rows=\"8\" maxlength=\"2000\" class=\"wpcf7-form-control wpcf7-textarea wpcf7-validates-as-required input_field\" id=\"your-message\" aria-required=\"true\" aria-invalid=\"false\" placeholder=\"Mesaj\u0131n\u0131z\" name=\"your-message\"><\/textarea><\/span>\n\t\t<\/p>\n\t<\/div>\n<\/div>\n<div class=\"row\">\n\t<div class=\"col-sm-12 sm-margin\">\n\t\t<p><input class=\"wpcf7-form-control wpcf7-submit has-spinner button center light bg_primary bg_hr_dark radius0 slide\" type=\"submit\" value=\"G\u00f6nder\" \/>\n\t\t<\/p>\n\t<\/div>\n<\/div><div class=\"wpcf7-response-output\" aria-hidden=\"true\"><\/div>\n<\/form>\n<\/div>\n\t\t\t\t\t\t\t\t<\/div>\n\t\t\t\t<div class=\"elementor-element elementor-element-de0b3db elementor-widget elementor-widget-heading\" data-id=\"de0b3db\" data-element_type=\"widget\" data-e-type=\"widget\" data-widget_type=\"heading.default\">\n\t\t\t\t\t<div class=\"elementor-heading-title elementor-size-default\">E-mailleriniz reklam g\u00f6nderme amac\u0131yla 3. kurum ve ki\u015filer ile payla\u015f\u0131lmamaktad\u0131r.<\/div>\t\t\t\t<\/div>\n\t\t\t\t\t<\/div>\n\t\t<\/div>\n\t\t\t\t\t<\/div>\n\t\t<\/section>\n\t\t\t\t\t<\/div>\n\t\t<\/div>\n\t\t\t\t\t<\/div>\n\t\t<\/section>\n\t\t\t\t<section class=\"elementor-section elementor-top-section elementor-element elementor-element-7686265 no-padding-tablet elementor-section-stretched elementor-hidden-desktop elementor-hidden-tablet elementor-hidden-mobile elementor-section-boxed elementor-section-height-default elementor-section-height-default\" data-id=\"7686265\" data-element_type=\"section\" data-e-type=\"section\" data-settings=\"{&quot;background_background&quot;:&quot;classic&quot;,&quot;stretch_section&quot;:&quot;section-stretched&quot;}\">\n\t\t\t\t\t\t<div class=\"elementor-container elementor-column-gap-default\">\n\t\t\t\t\t<div class=\"elementor-column elementor-col-100 elementor-top-column elementor-element elementor-element-182541c\" data-id=\"182541c\" data-element_type=\"column\" data-e-type=\"column\">\n\t\t\t<div class=\"elementor-widget-wrap elementor-element-populated\">\n\t\t\t\t\t\t<div class=\"elementor-element elementor-element-de5b856 elementor-widget elementor-widget-mo-heading-fancy mo-el-has-inner-anim\" data-id=\"de5b856\" data-element_type=\"widget\" data-e-type=\"widget\" data-settings=\"{&quot;enable_split&quot;:&quot;true&quot;,&quot;split_type&quot;:&quot;lines&quot;}\" data-widget_type=\"mo-heading-fancy.default\">\n\t\t\t\t<div class=\"elementor-widget-container\">\n\t\t\t\t\t<div class=\"mo-element-mo-heading-fancy mo-element\"><div id=\"mo-heading-fancy-69e060f8acfd5\" class=\"mo-heading-fancy\">\r\n      <h3 class=\"mo-element elementor-heading-title mo-highlight-classic mo-split-lines\"  data-ca-options='{\"triggerHandler\":\"inview\",\"animationTarget\":\".split-inner\",\"duration\":\"1200\",\"startDelay\":\"35\",\"delay\":\"120\",\"easing\":\"easeInQuad\",\"direction\":\"forward\",\"initValues\":{\"translateY\":16,\"opacity\":0},\"animations\":{\"translateY\":0,\"opacity\":1}}' data-split-text=\"true\" data-custom-animations=\"true\" data-fittext=\"true\" data-text-rotator=\"true\"> Still have questions?\n <\/h3><\/div><\/div>\t\t\t\t<\/div>\n\t\t\t\t<\/div>\n\t\t\t\t<div class=\"elementor-element elementor-element-203607c sm-heading-fancy elementor-widget elementor-widget-mo-heading-fancy\" data-id=\"203607c\" data-element_type=\"widget\" data-e-type=\"widget\" data-widget_type=\"mo-heading-fancy.default\">\n\t\t\t\t<div class=\"elementor-widget-container\">\n\t\t\t\t\t<div class=\"mo-element-mo-heading-fancy mo-element\"><div id=\"mo-heading-fancy-69e060f8ad5b8\" class=\"mo-heading-fancy\">\r\n      <h3 class=\"mo-element elementor-heading-title mo-highlight-classic\"  > Stop worrying about technology problems. Focus on your business. Let us provide the support you deserve.\n <\/h3><\/div><\/div>\t\t\t\t<\/div>\n\t\t\t\t<\/div>\n\t\t\t\t<section class=\"elementor-section elementor-inner-section elementor-element elementor-element-de64ec4 elementor-section-boxed elementor-section-height-default elementor-section-height-default\" data-id=\"de64ec4\" data-element_type=\"section\" data-e-type=\"section\">\n\t\t\t\t\t\t<div class=\"elementor-container elementor-column-gap-default\">\n\t\t\t\t\t<div class=\"elementor-column elementor-col-100 elementor-inner-column elementor-element elementor-element-e0665c3\" data-id=\"e0665c3\" data-element_type=\"column\" data-e-type=\"column\">\n\t\t\t<div class=\"elementor-widget-wrap elementor-element-populated\">\n\t\t\t\t\t\t<div class=\"elementor-element elementor-element-47322cf elementor-widget elementor-widget-mo-button\" data-id=\"47322cf\" data-element_type=\"widget\" data-e-type=\"widget\" data-widget_type=\"mo-button.default\">\n\t\t\t\t<div class=\"elementor-widget-container\">\n\t\t\t\t\t<div class=\"mo-element-mo-button mo-element\"><div class=\"text-center\">\r\n\t<a class=\"button btn-solid medium button_none btn_icon_position_left text_center scaleup btn-txt- bg_light bg_hr_primary dark hr_light outline_dark outline_hr_primary rounded\"  href=\"#\"   style=\"border-width:0px; border-radius:4px\">\r\n\t\t<span class=\"mo_module_button__container\">\r\n\t\t\t<span class=\"mo_module_button__cover front\"><span class=\"mo_btn_text front\">Speak to an Expert<\/span><\/span>\r\n\t\t\t\t\t\t\t\t<\/span>\r\n\t<\/a>\r\n<\/div><\/div>\t\t\t\t<\/div>\n\t\t\t\t<\/div>\n\t\t\t\t\t<\/div>\n\t\t<\/div>\n\t\t\t\t\t<\/div>\n\t\t<\/section>\n\t\t\t\t\t<\/div>\n\t\t<\/div>\n\t\t\t\t\t<\/div>\n\t\t<\/section>\n\t\t\t\t<\/div>\n\t\t","protected":false},"excerpt":{"rendered":"<p>UED d\u00fcnyan\u0131n her noktas\u0131nda yan\u0131n\u0131zda! Bize a\u015fa\u011f\u0131daki ileti\u015fim kanallar\u0131ndan ula\u015fabilir veya ileti\u015fim formumuzu kullanabilirsiniz. Adres Haydar Y\u00fcceba\u015f Sk. No:1 K:2 Ofis: 9-10 Kad\u0131k\u00f6y &#8211; \u0130stanbul Telefon +90 (216) 550 05 57 Email info@ued.org.tr \u0130leti\u015fim ve Bilgi \u0130stek Formu E-mailleriniz reklam g\u00f6nderme amac\u0131yla 3. kurum ve ki\u015filer ile payla\u015f\u0131lmamaktad\u0131r. Still have questions? Stop worrying about technology [&hellip;]<\/p>\n","protected":false},"author":2,"featured_media":0,"parent":0,"menu_order":0,"comment_status":"closed","ping_status":"closed","template":"","meta":{"footnotes":""},"class_list":["post-9474","page","type-page","status-publish","hentry"],"_links":{"self":[{"href":"https:\/\/arisdot.biz\/ued\/wp-json\/wp\/v2\/pages\/9474","targetHints":{"allow":["GET"]}}],"collection":[{"href":"https:\/\/arisdot.biz\/ued\/wp-json\/wp\/v2\/pages"}],"about":[{"href":"https:\/\/arisdot.biz\/ued\/wp-json\/wp\/v2\/types\/page"}],"author":[{"embeddable":true,"href":"https:\/\/arisdot.biz\/ued\/wp-json\/wp\/v2\/users\/2"}],"replies":[{"embeddable":true,"href":"https:\/\/arisdot.biz\/ued\/wp-json\/wp\/v2\/comments?post=9474"}],"version-history":[{"count":0,"href":"https:\/\/arisdot.biz\/ued\/wp-json\/wp\/v2\/pages\/9474\/revisions"}],"wp:attachment":[{"href":"https:\/\/arisdot.biz\/ued\/wp-json\/wp\/v2\/media?parent=9474"}],"curies":[{"name":"wp","href":"https:\/\/api.w.org\/{rel}","templated":true}]}}