{"id":9754,"date":"2024-04-22T11:14:24","date_gmt":"2024-04-22T08:14:24","guid":{"rendered":"http:\/\/ued.org.tr\/?page_id=9754"},"modified":"2024-04-22T11:14:24","modified_gmt":"2024-04-22T08:14:24","slug":"denetleme-kurulu","status":"publish","type":"page","link":"https:\/\/arisdot.biz\/ued\/denetleme-kurulu\/","title":{"rendered":"UED Denetim Kurulu"},"content":{"rendered":"\t\t<div data-elementor-type=\"wp-page\" data-elementor-id=\"9754\" class=\"elementor elementor-9754\">\n\t\t\t\t\t\t<section class=\"elementor-section elementor-top-section elementor-element elementor-element-1e34ea9 elementor-section-boxed elementor-section-height-default elementor-section-height-default\" data-id=\"1e34ea9\" data-element_type=\"section\" data-e-type=\"section\">\n\t\t\t\t\t\t<div class=\"elementor-container elementor-column-gap-default\">\n\t\t\t\t\t<div class=\"elementor-column elementor-col-100 elementor-top-column elementor-element elementor-element-2ad23a9\" data-id=\"2ad23a9\" data-element_type=\"column\" data-e-type=\"column\">\n\t\t\t<div class=\"elementor-widget-wrap elementor-element-populated\">\n\t\t\t\t\t\t<section class=\"elementor-section elementor-inner-section elementor-element elementor-element-50ed0ac elementor-section-boxed elementor-section-height-default elementor-section-height-default\" data-id=\"50ed0ac\" data-element_type=\"section\" data-e-type=\"section\">\n\t\t\t\t\t\t<div class=\"elementor-container elementor-column-gap-default\">\n\t\t\t\t\t<div class=\"elementor-column elementor-col-100 elementor-inner-column elementor-element elementor-element-4169647\" data-id=\"4169647\" data-element_type=\"column\" data-e-type=\"column\">\n\t\t\t<div class=\"elementor-widget-wrap elementor-element-populated\">\n\t\t\t\t\t\t<div class=\"elementor-element elementor-element-362f784 elementor-widget elementor-widget-mo-heading-block\" data-id=\"362f784\" data-element_type=\"widget\" data-e-type=\"widget\" data-widget_type=\"mo-heading-block.default\">\n\t\t\t\t<div class=\"elementor-widget-container\">\n\t\t\t\t\t<div class=\"mo-element-mo-heading-block mo-element\">   <div class=\"mo-title-box title-box-style-5 text-left\">\r\n      <div class=\"content-inner\">\r\n           \r\n                        <\/div>\r\n   <\/div>\r\n   <div class=\"clearfix\"><\/div><\/div>\t\t\t\t<\/div>\n\t\t\t\t<\/div>\n\t\t\t\t\t<\/div>\n\t\t<\/div>\n\t\t\t\t\t<\/div>\n\t\t<\/section>\n\t\t\t\t<section class=\"elementor-section elementor-inner-section elementor-element elementor-element-5781da4 elementor-section-boxed elementor-section-height-default elementor-section-height-default\" data-id=\"5781da4\" data-element_type=\"section\" data-e-type=\"section\">\n\t\t\t\t\t\t<div class=\"elementor-container elementor-column-gap-default\">\n\t\t\t\t\t<div class=\"elementor-column elementor-col-25 elementor-inner-column elementor-element elementor-element-d720796\" data-id=\"d720796\" data-element_type=\"column\" data-e-type=\"column\">\n\t\t\t<div class=\"elementor-widget-wrap elementor-element-populated\">\n\t\t\t\t\t\t<div class=\"elementor-element elementor-element-bc17287 elementor-widget elementor-widget-mo-teams\" data-id=\"bc17287\" data-element_type=\"widget\" data-e-type=\"widget\" data-widget_type=\"mo-teams.default\">\n\t\t\t\t<div class=\"elementor-widget-container\">\n\t\t\t\t\t<div class=\"mo-element-mo-teams mo-element\"><div class=\"mo-team tpl2\">\r\n   <figure class=\"team-member\"> \r\n      <div class=\"team-img\"><img decoding=\"async\" src=\"http:\/\/ued.org.tr\/wp-content\/uploads\/2024\/07\/user-silhouette.jpg\" alt=\"Ulvi Uslu\"\/><div class=\"overlay\"><\/div><\/div>\r\n      <div class=\"team-social social-icons style1\">\r\n\r\n                        <\/div>\r\n\r\n      <div class=\"team-title\">\r\n         <h5 class=\"data-title\" data-title=\"Ulvi Uslu\"><span>Ulvi Uslu<\/span><\/h5>\t\r\n          <div class=\"team_company\">Eduscala E\u011fitim Dan\u0131\u015fmanl\u0131k <\/div>               <\/div>\r\n   <\/figure>\r\n<\/div><\/div>\t\t\t\t<\/div>\n\t\t\t\t<\/div>\n\t\t\t\t\t<\/div>\n\t\t<\/div>\n\t\t\t\t<div class=\"elementor-column elementor-col-25 elementor-inner-column elementor-element elementor-element-1377f28\" data-id=\"1377f28\" data-element_type=\"column\" data-e-type=\"column\">\n\t\t\t<div class=\"elementor-widget-wrap elementor-element-populated\">\n\t\t\t\t\t\t<div class=\"elementor-element elementor-element-7ee547b elementor-widget elementor-widget-mo-teams\" data-id=\"7ee547b\" data-element_type=\"widget\" data-e-type=\"widget\" data-widget_type=\"mo-teams.default\">\n\t\t\t\t<div class=\"elementor-widget-container\">\n\t\t\t\t\t<div class=\"mo-element-mo-teams mo-element\"><div class=\"mo-team tpl2\">\r\n   <figure class=\"team-member\"> \r\n      <div class=\"team-img\"><img decoding=\"async\" src=\"http:\/\/ued.org.tr\/wp-content\/uploads\/2024\/07\/user-silhouette.jpg\" alt=\"Sedef Beksa\u00e7 Karaca\"\/><div class=\"overlay\"><\/div><\/div>\r\n      <div class=\"team-social social-icons style1\">\r\n\r\n                        <\/div>\r\n\r\n      <div class=\"team-title\">\r\n         <h5 class=\"data-title\" data-title=\"Sedef Beksa\u00e7 Karaca\"><span>Sedef Beksa\u00e7 Karaca<\/span><\/h5>\t\r\n                   <h6>\u0130stanbul Yurtd\u0131\u015f\u0131 E\u011fitim<\/h6>      <\/div>\r\n   <\/figure>\r\n<\/div><\/div>\t\t\t\t<\/div>\n\t\t\t\t<\/div>\n\t\t\t\t\t<\/div>\n\t\t<\/div>\n\t\t\t\t<div class=\"elementor-column elementor-col-25 elementor-inner-column elementor-element elementor-element-9989458\" data-id=\"9989458\" data-element_type=\"column\" data-e-type=\"column\">\n\t\t\t<div class=\"elementor-widget-wrap elementor-element-populated\">\n\t\t\t\t\t\t<div class=\"elementor-element elementor-element-04dd340 elementor-widget elementor-widget-mo-teams\" data-id=\"04dd340\" data-element_type=\"widget\" data-e-type=\"widget\" data-widget_type=\"mo-teams.default\">\n\t\t\t\t<div class=\"elementor-widget-container\">\n\t\t\t\t\t<div class=\"mo-element-mo-teams mo-element\"><div class=\"mo-team tpl2\">\r\n   <figure class=\"team-member\"> \r\n      <div class=\"team-img\"><img decoding=\"async\" src=\"http:\/\/ued.org.tr\/wp-content\/uploads\/2024\/07\/user-silhouette.jpg\" alt=\"Murat Y\u0131lmaz\"\/><div class=\"overlay\"><\/div><\/div>\r\n      <div class=\"team-social social-icons style1\">\r\n\r\n                        <\/div>\r\n\r\n      <div class=\"team-title\">\r\n         <h5 class=\"data-title\" data-title=\"Murat Y\u0131lmaz\"><span>Murat Y\u0131lmaz<\/span><\/h5>\t\r\n          <div class=\"team_company\">Bilimevi Yurtd\u0131\u015f\u0131 E\u011fitim Dan\u0131\u015fmanl\u0131\u011f\u0131<\/div>               <\/div>\r\n   <\/figure>\r\n<\/div><\/div>\t\t\t\t<\/div>\n\t\t\t\t<\/div>\n\t\t\t\t\t<\/div>\n\t\t<\/div>\n\t\t\t\t<div class=\"elementor-column elementor-col-25 elementor-inner-column elementor-element elementor-element-dcf2099\" data-id=\"dcf2099\" data-element_type=\"column\" data-e-type=\"column\">\n\t\t\t<div class=\"elementor-widget-wrap\">\n\t\t\t\t\t\t\t<\/div>\n\t\t<\/div>\n\t\t\t\t\t<\/div>\n\t\t<\/section>\n\t\t\t\t\t<\/div>\n\t\t<\/div>\n\t\t\t\t\t<\/div>\n\t\t<\/section>\n\t\t\t\t<section class=\"elementor-section elementor-inner-section elementor-element elementor-element-5c172726 elementor-section-boxed elementor-section-height-default elementor-section-height-default\" data-id=\"5c172726\" data-element_type=\"section\" data-e-type=\"section\">\n\t\t\t\t\t\t<div class=\"elementor-container elementor-column-gap-default\">\n\t\t\t\t\t<div class=\"elementor-column elementor-col-25 elementor-inner-column elementor-element elementor-element-331efb60 half-table\" data-id=\"331efb60\" data-element_type=\"column\" data-e-type=\"column\">\n\t\t\t<div class=\"elementor-widget-wrap elementor-element-populated\">\n\t\t\t\t\t\t<div class=\"elementor-element elementor-element-296c7369 elementor-widget elementor-widget-mo-icon-box\" data-id=\"296c7369\" data-element_type=\"widget\" data-e-type=\"widget\" data-widget_type=\"mo-icon-box.default\">\n\t\t\t\t<div class=\"elementor-widget-container\">\n\t\t\t\t\t<div class=\"mo-element-mo-icon-box mo-element\"><div class=\"service iconbox icon-box-style4\">\r\n   <div class=\"content-inner\">\r\n      <div class=\"icon-wrap\"><svg xmlns=\"http:\/\/www.w3.org\/2000\/svg\" height=\"48\" width=\"48\" x=\"0px\" y=\"0px\" viewBox=\"0 0 60 60\" style=\"enable-background:new 0 0 60 60;\" xml:space=\"preserve\"><style type=\"text\/css\">\t.st0{fill:none;stroke:#afb0b9;stroke-width:2;stroke-miterlimit:10;}\t.st1{fill:none;stroke:#afb0b9;stroke-width:2;stroke-linecap:square;stroke-miterlimit:10;}\t.st2{fill:none;stroke:#494c63;stroke-width:2;stroke-linecap:square;stroke-miterlimit:10;}<\/style>  <g transform=\"translate(-849 -877)\">\t<g transform=\"translate(848 876)\">\t\t<line class=\"st0\" x1=\"31\" y1=\"2.4\" x2=\"31\" y2=\"10.6\"><\/line>    <line class=\"st0\" x1=\"53.6\" y1=\"25\" x2=\"45.4\" y2=\"25\"><\/line>    <line class=\"st0\" x1=\"8.4\" y1=\"25\" x2=\"16.6\" y2=\"25\"><\/line>    <path class=\"st1\" d=\"M22.8,12.7L31,25h8.2\"><\/path>\t<\/g>    <path class=\"st2\" d=\"M893.9,918c9.4-8.2,10.4-22.5,2.2-31.9c-8.2-9.4-22.5-10.4-31.9-2.2c-4.9,4.3-7.7,10.5-7.7,17  \"><\/path>    <g transform=\"translate(851 907.579)\">\t\t<path class=\"st2\" d=\"M23.9,26.8v-8.2c-8.2,0-17.5-3.1-17.5-17.4c3.3,5.3,8.2,8.2,17.5,8.2V1.2l12.3,13.3   L23.9,26.8z\"><\/path>\t<\/g><\/g><\/svg><\/div>\r\n      <div class=\"title-wrap\">\r\n         <h6  class=\"title\" data-title=\"Tarih\u00e7e\"><span>Tarih\u00e7e<\/span><\/h6>\t\r\n          <div class=\"content\">Yurtd\u0131\u015f\u0131nda e\u011fitim konusunda...<\/div>         <a class=\"button btn-absolute\" href=\"\/tarihce\"><span class=\"mo_btn_text\">Oku<\/span><\/a>      <\/div>\r\n   <\/div>   \r\n<\/div><\/div>\t\t\t\t<\/div>\n\t\t\t\t<\/div>\n\t\t\t\t\t<\/div>\n\t\t<\/div>\n\t\t\t\t<div class=\"elementor-column elementor-col-25 elementor-inner-column elementor-element elementor-element-90c2f39 half-table\" data-id=\"90c2f39\" data-element_type=\"column\" data-e-type=\"column\">\n\t\t\t<div class=\"elementor-widget-wrap elementor-element-populated\">\n\t\t\t\t\t\t<div class=\"elementor-element elementor-element-4e60600f elementor-widget elementor-widget-mo-icon-box\" data-id=\"4e60600f\" data-element_type=\"widget\" data-e-type=\"widget\" data-widget_type=\"mo-icon-box.default\">\n\t\t\t\t<div class=\"elementor-widget-container\">\n\t\t\t\t\t<div class=\"mo-element-mo-icon-box mo-element\"><div class=\"service iconbox icon-box-style4\">\r\n   <div class=\"content-inner\">\r\n      <div class=\"icon-wrap\"><\/div>\r\n      <div class=\"title-wrap\">\r\n         <h6  class=\"title\" data-title=\"Vizyon & Misyon\"><span>Vizyon & Misyon<\/span><\/h6>\t\r\n          <div class=\"content\">Yurtd\u0131\u015f\u0131 e\u011fitim sekt\u00f6r\u00fcnde...<\/div>         <a class=\"button btn-absolute\" href=\"\/misyon-vizyon\"><span class=\"mo_btn_text\">Oku<\/span><\/a>      <\/div>\r\n   <\/div>   \r\n<\/div><\/div>\t\t\t\t<\/div>\n\t\t\t\t<\/div>\n\t\t\t\t\t<\/div>\n\t\t<\/div>\n\t\t\t\t<div class=\"elementor-column elementor-col-25 elementor-inner-column elementor-element elementor-element-3ab4bb83 half-table\" data-id=\"3ab4bb83\" data-element_type=\"column\" data-e-type=\"column\">\n\t\t\t<div class=\"elementor-widget-wrap elementor-element-populated\">\n\t\t\t\t\t\t<div class=\"elementor-element elementor-element-31f1bbc1 elementor-widget elementor-widget-mo-icon-box\" data-id=\"31f1bbc1\" data-element_type=\"widget\" data-e-type=\"widget\" data-widget_type=\"mo-icon-box.default\">\n\t\t\t\t<div class=\"elementor-widget-container\">\n\t\t\t\t\t<div class=\"mo-element-mo-icon-box mo-element\"><div class=\"service iconbox icon-box-style4\">\r\n   <div class=\"content-inner\">\r\n      <div class=\"icon-wrap\"><\/div>\r\n      <div class=\"title-wrap\">\r\n         <h6  class=\"title\" data-title=\"Dernek T\u00fcz\u00fc\u011f\u00fc\"><span>Dernek T\u00fcz\u00fc\u011f\u00fc<\/span><\/h6>\t\r\n          <div class=\"content\">Uluslararas\u0131 e\u011fitim her g\u00fcn biraz daha...<\/div>         <a class=\"button btn-absolute\" href=\"\/ued-tuzuk\"><span class=\"mo_btn_text\">Oku<\/span><\/a>      <\/div>\r\n   <\/div>   \r\n<\/div><\/div>\t\t\t\t<\/div>\n\t\t\t\t<\/div>\n\t\t\t\t\t<\/div>\n\t\t<\/div>\n\t\t\t\t<div class=\"elementor-column elementor-col-25 elementor-inner-column elementor-element elementor-element-138d31da half-table\" data-id=\"138d31da\" data-element_type=\"column\" data-e-type=\"column\">\n\t\t\t<div class=\"elementor-widget-wrap elementor-element-populated\">\n\t\t\t\t\t\t<div class=\"elementor-element elementor-element-76713583 elementor-widget elementor-widget-mo-icon-box\" data-id=\"76713583\" data-element_type=\"widget\" data-e-type=\"widget\" data-widget_type=\"mo-icon-box.default\">\n\t\t\t\t<div class=\"elementor-widget-container\">\n\t\t\t\t\t<div class=\"mo-element-mo-icon-box mo-element\"><div class=\"service iconbox icon-box-style4\">\r\n   <div class=\"content-inner\">\r\n      <div class=\"icon-wrap\"><\/div>\r\n      <div class=\"title-wrap\">\r\n         <h6  class=\"title\" data-title=\"Bas\u0131nda Biz\"><span>Bas\u0131nda Biz<\/span><\/h6>\t\r\n          <div class=\"content\">UED hakk\u0131nda bas\u0131nda \u00e7\u0131km\u0131\u015f olan haberler<\/div>         <a class=\"button btn-absolute\" href=\"\/basinda-biz\"><span class=\"mo_btn_text\">Oku<\/span><\/a>      <\/div>\r\n   <\/div>   \r\n<\/div><\/div>\t\t\t\t<\/div>\n\t\t\t\t<\/div>\n\t\t\t\t\t<\/div>\n\t\t<\/div>\n\t\t\t\t\t<\/div>\n\t\t<\/section>\n\t\t\t\t<\/div>\n\t\t","protected":false},"excerpt":{"rendered":"<p>Ulvi Uslu Eduscala E\u011fitim Dan\u0131\u015fmanl\u0131k Sedef Beksa\u00e7 Karaca \u0130stanbul Yurtd\u0131\u015f\u0131 E\u011fitim Murat Y\u0131lmaz Bilimevi Yurtd\u0131\u015f\u0131 E\u011fitim Dan\u0131\u015fmanl\u0131\u011f\u0131 Tarih\u00e7e Yurtd\u0131\u015f\u0131nda e\u011fitim konusunda&#8230; Oku Vizyon &#038; Misyon Yurtd\u0131\u015f\u0131 e\u011fitim sekt\u00f6r\u00fcnde&#8230; Oku Dernek T\u00fcz\u00fc\u011f\u00fc Uluslararas\u0131 e\u011fitim her g\u00fcn biraz daha&#8230; Oku Bas\u0131nda Biz UED hakk\u0131nda bas\u0131nda \u00e7\u0131km\u0131\u015f olan haberler Oku<\/p>\n","protected":false},"author":2,"featured_media":0,"parent":0,"menu_order":0,"comment_status":"closed","ping_status":"closed","template":"","meta":{"footnotes":""},"class_list":["post-9754","page","type-page","status-publish","hentry"],"_links":{"self":[{"href":"https:\/\/arisdot.biz\/ued\/wp-json\/wp\/v2\/pages\/9754","targetHints":{"allow":["GET"]}}],"collection":[{"href":"https:\/\/arisdot.biz\/ued\/wp-json\/wp\/v2\/pages"}],"about":[{"href":"https:\/\/arisdot.biz\/ued\/wp-json\/wp\/v2\/types\/page"}],"author":[{"embeddable":true,"href":"https:\/\/arisdot.biz\/ued\/wp-json\/wp\/v2\/users\/2"}],"replies":[{"embeddable":true,"href":"https:\/\/arisdot.biz\/ued\/wp-json\/wp\/v2\/comments?post=9754"}],"version-history":[{"count":0,"href":"https:\/\/arisdot.biz\/ued\/wp-json\/wp\/v2\/pages\/9754\/revisions"}],"wp:attachment":[{"href":"https:\/\/arisdot.biz\/ued\/wp-json\/wp\/v2\/media?parent=9754"}],"curies":[{"name":"wp","href":"https:\/\/api.w.org\/{rel}","templated":true}]}}