{"id":9806,"date":"2024-05-22T12:10:49","date_gmt":"2024-05-22T09:10:49","guid":{"rendered":"http:\/\/ued.org.tr\/?page_id=9806"},"modified":"2024-05-22T12:10:49","modified_gmt":"2024-05-22T09:10:49","slug":"uyelerimiz","status":"publish","type":"page","link":"https:\/\/arisdot.biz\/ued\/uyelerimiz\/","title":{"rendered":"UED \u00dcyelerimiz"},"content":{"rendered":"\n<p>UED \u00fcyeleri, yurtd\u0131\u015f\u0131nda e\u011fitim konusunda uzmanla\u015fm\u0131\u015f ve uluslararas\u0131 alanda tan\u0131nan, g\u00fcvenilir dan\u0131\u015fmanl\u0131k firmalar\u0131ndan olu\u015fur. E\u011fitim yolculu\u011funuzda size rehberlik edecek en iyi firmalar\u0131 burada bulabilir ve kariyer hedeflerinize do\u011fru emin ad\u0131mlarla ilerleyebilirsiniz.<\/p>\n","protected":false},"excerpt":{"rendered":"<p>UED \u00fcyeleri, yurtd\u0131\u015f\u0131nda e\u011fitim konusunda uzmanla\u015fm\u0131\u015f ve uluslararas\u0131 alanda tan\u0131nan, g\u00fcvenilir dan\u0131\u015fmanl\u0131k firmalar\u0131ndan olu\u015fur. E\u011fitim yolculu\u011funuzda size rehberlik edecek en iyi firmalar\u0131 burada bulabilir ve kariyer hedeflerinize do\u011fru emin ad\u0131mlarla ilerleyebilirsiniz.<\/p>\n","protected":false},"author":2,"featured_media":0,"parent":0,"menu_order":0,"comment_status":"closed","ping_status":"closed","template":"page-members.php","meta":{"footnotes":""},"class_list":["post-9806","page","type-page","status-publish","hentry"],"_links":{"self":[{"href":"https:\/\/arisdot.biz\/ued\/wp-json\/wp\/v2\/pages\/9806","targetHints":{"allow":["GET"]}}],"collection":[{"href":"https:\/\/arisdot.biz\/ued\/wp-json\/wp\/v2\/pages"}],"about":[{"href":"https:\/\/arisdot.biz\/ued\/wp-json\/wp\/v2\/types\/page"}],"author":[{"embeddable":true,"href":"https:\/\/arisdot.biz\/ued\/wp-json\/wp\/v2\/users\/2"}],"replies":[{"embeddable":true,"href":"https:\/\/arisdot.biz\/ued\/wp-json\/wp\/v2\/comments?post=9806"}],"version-history":[{"count":0,"href":"https:\/\/arisdot.biz\/ued\/wp-json\/wp\/v2\/pages\/9806\/revisions"}],"wp:attachment":[{"href":"https:\/\/arisdot.biz\/ued\/wp-json\/wp\/v2\/media?parent=9806"}],"curies":[{"name":"wp","href":"https:\/\/api.w.org\/{rel}","templated":true}]}}