{"id":9848,"date":"2024-05-22T15:34:16","date_gmt":"2024-05-22T12:34:16","guid":{"rendered":"http:\/\/ued.org.tr\/?page_id=9848"},"modified":"2024-05-22T15:34:16","modified_gmt":"2024-05-22T12:34:16","slug":"ued-yayinlari","status":"publish","type":"page","link":"https:\/\/arisdot.biz\/ued\/ued-yayinlari\/","title":{"rendered":"UED Yay\u0131nlar\u0131"},"content":{"rendered":"\n<p>UEDucation Magazine, Uluslararas\u0131 E\u011fitim Dan\u0131\u015fmanlar\u0131 Derne\u011fi UED\u2019nin \u00fccretsiz yay\u0131nd\u0131r. T\u00fcm haklar\u0131 sakl\u0131d\u0131r. Dergi yer almas\u0131n\u0131 istedi\u011finiz konular i\u00e7in l\u00fctfen ileti\u015fim b\u00f6l\u00fcm\u00fcndeki formu doldurarak bizimle temasa ge\u00e7iniz<\/p>\n","protected":false},"excerpt":{"rendered":"<p>UEDucation Magazine, Uluslararas\u0131 E\u011fitim Dan\u0131\u015fmanlar\u0131 Derne\u011fi UED\u2019nin \u00fccretsiz yay\u0131nd\u0131r. T\u00fcm haklar\u0131 sakl\u0131d\u0131r. Dergi yer almas\u0131n\u0131 istedi\u011finiz konular i\u00e7in l\u00fctfen ileti\u015fim b\u00f6l\u00fcm\u00fcndeki formu doldurarak bizimle temasa ge\u00e7iniz<\/p>\n","protected":false},"author":2,"featured_media":0,"parent":0,"menu_order":0,"comment_status":"closed","ping_status":"closed","template":"page-publications.php","meta":{"footnotes":""},"class_list":["post-9848","page","type-page","status-publish","hentry"],"_links":{"self":[{"href":"https:\/\/arisdot.biz\/ued\/wp-json\/wp\/v2\/pages\/9848","targetHints":{"allow":["GET"]}}],"collection":[{"href":"https:\/\/arisdot.biz\/ued\/wp-json\/wp\/v2\/pages"}],"about":[{"href":"https:\/\/arisdot.biz\/ued\/wp-json\/wp\/v2\/types\/page"}],"author":[{"embeddable":true,"href":"https:\/\/arisdot.biz\/ued\/wp-json\/wp\/v2\/users\/2"}],"replies":[{"embeddable":true,"href":"https:\/\/arisdot.biz\/ued\/wp-json\/wp\/v2\/comments?post=9848"}],"version-history":[{"count":0,"href":"https:\/\/arisdot.biz\/ued\/wp-json\/wp\/v2\/pages\/9848\/revisions"}],"wp:attachment":[{"href":"https:\/\/arisdot.biz\/ued\/wp-json\/wp\/v2\/media?parent=9848"}],"curies":[{"name":"wp","href":"https:\/\/api.w.org\/{rel}","templated":true}]}}